{"id":5597,"date":"2022-08-06T18:30:36","date_gmt":"2022-08-06T16:30:36","guid":{"rendered":"https:\/\/superfilm.at\/features\/sennentuntschi\/"},"modified":"2026-05-07T13:35:19","modified_gmt":"2026-05-07T11:35:19","slug":"sennentuntschi","status":"publish","type":"page","link":"https:\/\/superfilm.at\/en\/features\/sennentuntschi\/","title":{"rendered":"Sennentuntschi"},"content":{"rendered":"\t\t<div data-elementor-type=\"wp-page\" data-elementor-id=\"5597\" class=\"elementor elementor-5597 elementor-1514\" data-elementor-settings=\"{&quot;element_pack_global_tooltip_width&quot;:{&quot;unit&quot;:&quot;px&quot;,&quot;size&quot;:&quot;&quot;,&quot;sizes&quot;:[]},&quot;element_pack_global_tooltip_width_tablet&quot;:{&quot;unit&quot;:&quot;px&quot;,&quot;size&quot;:&quot;&quot;,&quot;sizes&quot;:[]},&quot;element_pack_global_tooltip_width_mobile&quot;:{&quot;unit&quot;:&quot;px&quot;,&quot;size&quot;:&quot;&quot;,&quot;sizes&quot;:[]},&quot;element_pack_global_tooltip_padding&quot;:{&quot;unit&quot;:&quot;px&quot;,&quot;top&quot;:&quot;&quot;,&quot;right&quot;:&quot;&quot;,&quot;bottom&quot;:&quot;&quot;,&quot;left&quot;:&quot;&quot;,&quot;isLinked&quot;:true},&quot;element_pack_global_tooltip_padding_tablet&quot;:{&quot;unit&quot;:&quot;px&quot;,&quot;top&quot;:&quot;&quot;,&quot;right&quot;:&quot;&quot;,&quot;bottom&quot;:&quot;&quot;,&quot;left&quot;:&quot;&quot;,&quot;isLinked&quot;:true},&quot;element_pack_global_tooltip_padding_mobile&quot;:{&quot;unit&quot;:&quot;px&quot;,&quot;top&quot;:&quot;&quot;,&quot;right&quot;:&quot;&quot;,&quot;bottom&quot;:&quot;&quot;,&quot;left&quot;:&quot;&quot;,&quot;isLinked&quot;:true},&quot;element_pack_global_tooltip_border_radius&quot;:{&quot;unit&quot;:&quot;px&quot;,&quot;top&quot;:&quot;&quot;,&quot;right&quot;:&quot;&quot;,&quot;bottom&quot;:&quot;&quot;,&quot;left&quot;:&quot;&quot;,&quot;isLinked&quot;:true},&quot;element_pack_global_tooltip_border_radius_tablet&quot;:{&quot;unit&quot;:&quot;px&quot;,&quot;top&quot;:&quot;&quot;,&quot;right&quot;:&quot;&quot;,&quot;bottom&quot;:&quot;&quot;,&quot;left&quot;:&quot;&quot;,&quot;isLinked&quot;:true},&quot;element_pack_global_tooltip_border_radius_mobile&quot;:{&quot;unit&quot;:&quot;px&quot;,&quot;top&quot;:&quot;&quot;,&quot;right&quot;:&quot;&quot;,&quot;bottom&quot;:&quot;&quot;,&quot;left&quot;:&quot;&quot;,&quot;isLinked&quot;:true}}\" data-elementor-post-type=\"page\">\n\t\t\t\t\t\t<section class=\"elementor-section elementor-top-section elementor-element elementor-element-2226c9ef elementor-section-boxed elementor-section-height-default elementor-section-height-default\" data-id=\"2226c9ef\" data-element_type=\"section\" data-e-type=\"section\">\n\t\t\t\t\t\t<div class=\"elementor-container elementor-column-gap-default\">\n\t\t\t\t\t<div class=\"elementor-column elementor-col-66 elementor-top-column elementor-element elementor-element-5abea6eb\" data-id=\"5abea6eb\" data-element_type=\"column\" data-e-type=\"column\">\n\t\t\t<div class=\"elementor-widget-wrap elementor-element-populated\">\n\t\t\t\t\t\t<div class=\"elementor-element elementor-element-2bfedfed elementor-widget elementor-widget-heading\" data-id=\"2bfedfed\" data-element_type=\"widget\" data-e-type=\"widget\" data-widget_type=\"heading.default\">\n\t\t\t\t<div class=\"elementor-widget-container\">\n\t\t\t\t\t<h2 class=\"elementor-heading-title elementor-size-default\">SENNENTUNTSCHI <\/h2>\t\t\t\t<\/div>\n\t\t\t\t<\/div>\n\t\t\t\t<div class=\"elementor-element elementor-element-7eeec90 elementor-widget elementor-widget-text-editor\" data-id=\"7eeec90\" data-element_type=\"widget\" data-e-type=\"widget\" data-widget_type=\"text-editor.default\">\n\t\t\t\t<div class=\"elementor-widget-container\">\n\t\t\t\t\t\t\t\t\t<p>Thriller, 110 Minuten<\/p><p>Die Schweizer Alpen 1975 \u2013 in einem abgelegenen Bergdorf taucht eines Tages eine sch\u00f6ne, aber offensichtlich verwahrloste junge Frau auf. Entgegen allen Vorurteilen durch die Dorfbewohner, nimmt sich lediglich der Dorfpolizist Reusch der geheimnisvollen Fremden an. Doch s\u00e4mtliche Versuche die Identit\u00e4t der scheinbar stummen Frau aufzukl\u00e4ren enden in weiteren Ungereimtheiten. Allm\u00e4hlich verdichten sich die Hinweise, dass die Frau von der H\u00f6henalp zu kommen scheint. Eben dort, so sagt man, wo die Hirten und Sennen gegen die Einsamkeit unvorstellbares tun. Doch schon bald kommt eine Wahrheit ans Licht, die besser f\u00fcr immer im Dunkeln geblieben w\u00e4re&#8230;<\/p><p>Eine Lawine aus Lust, Wahnsinn, D\u00e4monenglauben und Mord \u00fcberrollt die scheinbare Idylle des Dorfes. Alles, was eben noch die heile Welt verk\u00f6rperte, wird pl\u00f6tzlich in seinen Grundfesten aufs Entsetzlichste ersch\u00fcttert. SENNENTUNTSCHI ist ein rasanter H\u00f6llentrip: mitrei\u00dfend, brutal, einfach unwiderstehlich.<\/p>\t\t\t\t\t\t\t\t<\/div>\n\t\t\t\t<\/div>\n\t\t\t\t<div class=\"elementor-element elementor-element-6a55fbf8 elementor-widget elementor-widget-video\" data-id=\"6a55fbf8\" data-element_type=\"widget\" data-e-type=\"widget\" data-settings=\"{&quot;youtube_url&quot;:&quot;https:\\\/\\\/www.youtube.com\\\/watch?v=NQiJNnyDtsY&amp;t=1s&quot;,&quot;yt_privacy&quot;:&quot;yes&quot;,&quot;video_type&quot;:&quot;youtube&quot;,&quot;controls&quot;:&quot;yes&quot;}\" data-widget_type=\"video.default\">\n\t\t\t\t<div class=\"elementor-widget-container\">\n\t\t\t\t\t\t\t<div class=\"elementor-wrapper elementor-open-inline\">\n\t\t\t<div class=\"elementor-video\"><\/div>\t\t<\/div>\n\t\t\t\t\t\t<\/div>\n\t\t\t\t<\/div>\n\t\t\t\t<div class=\"elementor-element elementor-element-b284eb6 elementor-widget elementor-widget-text-editor\" data-id=\"b284eb6\" data-element_type=\"widget\" data-e-type=\"widget\" data-widget_type=\"text-editor.default\">\n\t\t\t\t<div class=\"elementor-widget-container\">\n\t\t\t\t\t\t\t\t\t<p>Mit Nicholas Ofczarek, Roxane Mesquida, Carlos Leal, Andrea Zogg, Joel Basman, Hans-Peter M\u00fcller-Drossart, u.v.a.<\/p><p style=\"text-align: right;\">Buch: Michael Sauter<br \/>Regie: Michael Steiner<br \/>Produzenten: Bernhard Burgener &amp; John Lueftner<\/p><p>Eine Koproduktion der Kontra AG, Schweiz und SUPERFILM, \u00d6sterreich. Hergestellt in Zusammenarbeit mit dem ORF und gef\u00f6rdert durch das \u00d6sterreichische Filminstitut und CineTirol.<\/p>\t\t\t\t\t\t\t\t<\/div>\n\t\t\t\t<\/div>\n\t\t\t\t\t<\/div>\n\t\t<\/div>\n\t\t\t\t<div class=\"elementor-column elementor-col-33 elementor-top-column elementor-element elementor-element-7606e169\" data-id=\"7606e169\" data-element_type=\"column\" data-e-type=\"column\">\n\t\t\t<div class=\"elementor-widget-wrap elementor-element-populated\">\n\t\t\t\t\t\t<div class=\"elementor-element elementor-element-6b829fc9 elementor-widget elementor-widget-gallery\" data-id=\"6b829fc9\" data-element_type=\"widget\" data-e-type=\"widget\" data-settings=\"{&quot;gallery_layout&quot;:&quot;justified&quot;,&quot;lazyload&quot;:&quot;yes&quot;,&quot;ideal_row_height&quot;:{&quot;unit&quot;:&quot;px&quot;,&quot;size&quot;:200,&quot;sizes&quot;:[]},&quot;ideal_row_height_tablet&quot;:{&quot;unit&quot;:&quot;px&quot;,&quot;size&quot;:150,&quot;sizes&quot;:[]},&quot;ideal_row_height_mobile&quot;:{&quot;unit&quot;:&quot;px&quot;,&quot;size&quot;:150,&quot;sizes&quot;:[]},&quot;gap&quot;:{&quot;unit&quot;:&quot;px&quot;,&quot;size&quot;:10,&quot;sizes&quot;:[]},&quot;gap_tablet&quot;:{&quot;unit&quot;:&quot;px&quot;,&quot;size&quot;:10,&quot;sizes&quot;:[]},&quot;gap_mobile&quot;:{&quot;unit&quot;:&quot;px&quot;,&quot;size&quot;:10,&quot;sizes&quot;:[]},&quot;link_to&quot;:&quot;file&quot;,&quot;overlay_background&quot;:&quot;yes&quot;,&quot;content_hover_animation&quot;:&quot;fade-in&quot;}\" data-widget_type=\"gallery.default\">\n\t\t\t\t<div class=\"elementor-widget-container\">\n\t\t\t\t\t\t\t<div class=\"elementor-gallery__container\">\n\t\t\t\t\t\t\t<a class=\"e-gallery-item elementor-gallery-item elementor-animated-content\" href=\"https:\/\/superfilm.at\/wp-content\/uploads\/2022\/08\/564b9200e6379-1442411031plakat-sennentuntschi-a3-1.gif\" data-elementor-open-lightbox=\"yes\" data-elementor-lightbox-slideshow=\"6b829fc9\" data-elementor-lightbox-title=\"564b9200e6379-1442411031plakat-sennentuntschi-a3\" data-e-action-hash=\"#elementor-action%3Aaction%3Dlightbox%26settings%3DeyJpZCI6NDUxMywidXJsIjoiaHR0cHM6XC9cL3N1cGVyZmlsbS5hdFwvd3AtY29udGVudFwvdXBsb2Fkc1wvMjAyMlwvMDhcLzU2NGI5MjAwZTYzNzktMTQ0MjQxMTAzMXBsYWthdC1zZW5uZW50dW50c2NoaS1hMy0xLmdpZiIsInNsaWRlc2hvdyI6IjZiODI5ZmM5In0%3D\">\n\t\t\t\t\t<div class=\"e-gallery-image elementor-gallery-item__image\" data-thumbnail=\"https:\/\/superfilm.at\/wp-content\/uploads\/2022\/08\/564b9200e6379-1442411031plakat-sennentuntschi-a3-1.gif\" data-width=\"350\" data-height=\"496\" aria-label=\"\" role=\"img\" ><\/div>\n\t\t\t\t\t\t\t\t\t\t\t<div class=\"elementor-gallery-item__overlay\"><\/div>\n\t\t\t\t\t\t\t\t\t\t\t\t\t\t<\/a>\n\t\t\t\t\t\t\t<a class=\"e-gallery-item elementor-gallery-item elementor-animated-content\" href=\"https:\/\/superfilm.at\/wp-content\/uploads\/2022\/08\/56b897c2a543a-074-1.jpg\" data-elementor-open-lightbox=\"yes\" data-elementor-lightbox-slideshow=\"6b829fc9\" data-elementor-lightbox-title=\"56b897c2a543a-074\" data-e-action-hash=\"#elementor-action%3Aaction%3Dlightbox%26settings%3DeyJpZCI6NDUxMiwidXJsIjoiaHR0cHM6XC9cL3N1cGVyZmlsbS5hdFwvd3AtY29udGVudFwvdXBsb2Fkc1wvMjAyMlwvMDhcLzU2Yjg5N2MyYTU0M2EtMDc0LTEuanBnIiwic2xpZGVzaG93IjoiNmI4MjlmYzkifQ%3D%3D\">\n\t\t\t\t\t<div class=\"e-gallery-image elementor-gallery-item__image\" data-thumbnail=\"https:\/\/superfilm.at\/wp-content\/uploads\/2022\/08\/56b897c2a543a-074-1.jpg\" data-width=\"800\" data-height=\"530\" aria-label=\"\" role=\"img\" ><\/div>\n\t\t\t\t\t\t\t\t\t\t\t<div class=\"elementor-gallery-item__overlay\"><\/div>\n\t\t\t\t\t\t\t\t\t\t\t\t\t\t<\/a>\n\t\t\t\t\t\t\t<a class=\"e-gallery-item elementor-gallery-item elementor-animated-content\" href=\"https:\/\/superfilm.at\/wp-content\/uploads\/2022\/08\/56b897c2a52b6-dsc4668-1.jpg\" data-elementor-open-lightbox=\"yes\" data-elementor-lightbox-slideshow=\"6b829fc9\" data-elementor-lightbox-title=\"56b897c2a52b6-dsc4668\" data-e-action-hash=\"#elementor-action%3Aaction%3Dlightbox%26settings%3DeyJpZCI6NDUwOSwidXJsIjoiaHR0cHM6XC9cL3N1cGVyZmlsbS5hdFwvd3AtY29udGVudFwvdXBsb2Fkc1wvMjAyMlwvMDhcLzU2Yjg5N2MyYTUyYjYtZHNjNDY2OC0xLmpwZyIsInNsaWRlc2hvdyI6IjZiODI5ZmM5In0%3D\">\n\t\t\t\t\t<div class=\"e-gallery-image elementor-gallery-item__image\" data-thumbnail=\"https:\/\/superfilm.at\/wp-content\/uploads\/2022\/08\/56b897c2a52b6-dsc4668-1.jpg\" data-width=\"800\" data-height=\"531\" aria-label=\"\" role=\"img\" ><\/div>\n\t\t\t\t\t\t\t\t\t\t\t<div class=\"elementor-gallery-item__overlay\"><\/div>\n\t\t\t\t\t\t\t\t\t\t\t\t\t\t<\/a>\n\t\t\t\t\t\t\t<a class=\"e-gallery-item elementor-gallery-item elementor-animated-content\" href=\"https:\/\/superfilm.at\/wp-content\/uploads\/2022\/08\/56b897c2a2835-dsc3820-1.jpg\" data-elementor-open-lightbox=\"yes\" data-elementor-lightbox-slideshow=\"6b829fc9\" data-elementor-lightbox-title=\"56b897c2a2835-dsc3820\" data-e-action-hash=\"#elementor-action%3Aaction%3Dlightbox%26settings%3DeyJpZCI6NDUxMSwidXJsIjoiaHR0cHM6XC9cL3N1cGVyZmlsbS5hdFwvd3AtY29udGVudFwvdXBsb2Fkc1wvMjAyMlwvMDhcLzU2Yjg5N2MyYTI4MzUtZHNjMzgyMC0xLmpwZyIsInNsaWRlc2hvdyI6IjZiODI5ZmM5In0%3D\">\n\t\t\t\t\t<div class=\"e-gallery-image elementor-gallery-item__image\" data-thumbnail=\"https:\/\/superfilm.at\/wp-content\/uploads\/2022\/08\/56b897c2a2835-dsc3820-1.jpg\" data-width=\"800\" data-height=\"531\" aria-label=\"\" role=\"img\" ><\/div>\n\t\t\t\t\t\t\t\t\t\t\t<div class=\"elementor-gallery-item__overlay\"><\/div>\n\t\t\t\t\t\t\t\t\t\t\t\t\t\t<\/a>\n\t\t\t\t\t\t\t<a class=\"e-gallery-item elementor-gallery-item elementor-animated-content\" href=\"https:\/\/superfilm.at\/wp-content\/uploads\/2022\/08\/56b897c2b0a3f-dsc9717-1.jpg\" data-elementor-open-lightbox=\"yes\" data-elementor-lightbox-slideshow=\"6b829fc9\" data-elementor-lightbox-title=\"56b897c2b0a3f-dsc9717\" data-e-action-hash=\"#elementor-action%3Aaction%3Dlightbox%26settings%3DeyJpZCI6NDUxMCwidXJsIjoiaHR0cHM6XC9cL3N1cGVyZmlsbS5hdFwvd3AtY29udGVudFwvdXBsb2Fkc1wvMjAyMlwvMDhcLzU2Yjg5N2MyYjBhM2YtZHNjOTcxNy0xLmpwZyIsInNsaWRlc2hvdyI6IjZiODI5ZmM5In0%3D\">\n\t\t\t\t\t<div class=\"e-gallery-image elementor-gallery-item__image\" data-thumbnail=\"https:\/\/superfilm.at\/wp-content\/uploads\/2022\/08\/56b897c2b0a3f-dsc9717-1.jpg\" data-width=\"800\" data-height=\"531\" aria-label=\"\" role=\"img\" ><\/div>\n\t\t\t\t\t\t\t\t\t\t\t<div class=\"elementor-gallery-item__overlay\"><\/div>\n\t\t\t\t\t\t\t\t\t\t\t\t\t\t<\/a>\n\t\t\t\t\t<\/div>\n\t\t\t\t\t<\/div>\n\t\t\t\t<\/div>\n\t\t\t\t\t<\/div>\n\t\t<\/div>\n\t\t\t\t\t<\/div>\n\t\t<\/section>\n\t\t\t\t<section class=\"elementor-section elementor-top-section elementor-element elementor-element-b863fcc elementor-section-boxed elementor-section-height-default elementor-section-height-default\" data-id=\"b863fcc\" data-element_type=\"section\" data-e-type=\"section\">\n\t\t\t\t\t\t<div class=\"elementor-container elementor-column-gap-default\">\n\t\t\t\t\t<div class=\"elementor-column elementor-col-100 elementor-top-column elementor-element elementor-element-e2daaca\" data-id=\"e2daaca\" data-element_type=\"column\" data-e-type=\"column\">\n\t\t\t<div class=\"elementor-widget-wrap elementor-element-populated\">\n\t\t\t\t\t\t<div class=\"elementor-element elementor-element-84bb8a4 elementor-align-right elementor-widget elementor-widget-button\" data-id=\"84bb8a4\" data-element_type=\"widget\" data-e-type=\"widget\" id=\"back-button\" data-widget_type=\"button.default\">\n\t\t\t\t<div class=\"elementor-widget-container\">\n\t\t\t\t\t\t\t\t\t<div class=\"elementor-button-wrapper\">\n\t\t\t\t\t<a class=\"elementor-button elementor-button-link elementor-size-sm\" href=\"#\">\n\t\t\t\t\t\t<span class=\"elementor-button-content-wrapper\">\n\t\t\t\t\t\t\t\t\t<span class=\"elementor-button-text\">zur\u00fcck<\/span>\n\t\t\t\t\t<\/span>\n\t\t\t\t\t<\/a>\n\t\t\t\t<\/div>\n\t\t\t\t\t\t\t\t<\/div>\n\t\t\t\t<\/div>\n\t\t\t\t<div class=\"elementor-element elementor-element-53a5b5e elementor-widget elementor-widget-html\" data-id=\"53a5b5e\" data-element_type=\"widget\" data-e-type=\"widget\" data-widget_type=\"html.default\">\n\t\t\t\t<div class=\"elementor-widget-container\">\n\t\t\t\t\t<script>\ndocument.addEventListener('DOMContentLoaded', function() {\n    var backButton = document.getElementById('back-button');\n    if (backButton) {\n        backButton.addEventListener('click', function(e) {\n            e.preventDefault();\n            window.history.back();\n        });\n    }\n});\n<\/script>\t\t\t\t<\/div>\n\t\t\t\t<\/div>\n\t\t\t\t\t<\/div>\n\t\t<\/div>\n\t\t\t\t\t<\/div>\n\t\t<\/section>\n\t\t\t\t<\/div>\n\t\t","protected":false},"excerpt":{"rendered":"<p>SENNENTUNTSCHI Thriller, 110 Minuten Die Schweizer Alpen 1975 \u2013 in einem abgelegenen Bergdorf taucht eines Tages eine sch\u00f6ne, aber offensichtlich verwahrloste junge Frau auf. Entgegen allen Vorurteilen durch die Dorfbewohner, nimmt sich lediglich der Dorfpolizist Reusch der geheimnisvollen Fremden an. Doch s\u00e4mtliche Versuche die Identit\u00e4t der scheinbar stummen Frau aufzukl\u00e4ren enden in weiteren Ungereimtheiten. Allm\u00e4hlich [&hellip;]<\/p>\n","protected":false},"author":3,"featured_media":4504,"parent":5225,"menu_order":92,"comment_status":"closed","ping_status":"closed","template":"","meta":{"footnotes":""},"categories":[21],"tags":[],"class_list":["post-5597","page","type-page","status-publish","has-post-thumbnail","hentry","category-super-movies"],"_links":{"self":[{"href":"https:\/\/superfilm.at\/en\/wp-json\/wp\/v2\/pages\/5597","targetHints":{"allow":["GET"]}}],"collection":[{"href":"https:\/\/superfilm.at\/en\/wp-json\/wp\/v2\/pages"}],"about":[{"href":"https:\/\/superfilm.at\/en\/wp-json\/wp\/v2\/types\/page"}],"author":[{"embeddable":true,"href":"https:\/\/superfilm.at\/en\/wp-json\/wp\/v2\/users\/3"}],"replies":[{"embeddable":true,"href":"https:\/\/superfilm.at\/en\/wp-json\/wp\/v2\/comments?post=5597"}],"version-history":[{"count":3,"href":"https:\/\/superfilm.at\/en\/wp-json\/wp\/v2\/pages\/5597\/revisions"}],"predecessor-version":[{"id":11625,"href":"https:\/\/superfilm.at\/en\/wp-json\/wp\/v2\/pages\/5597\/revisions\/11625"}],"up":[{"embeddable":true,"href":"https:\/\/superfilm.at\/en\/wp-json\/wp\/v2\/pages\/5225"}],"wp:featuredmedia":[{"embeddable":true,"href":"https:\/\/superfilm.at\/en\/wp-json\/wp\/v2\/media\/4504"}],"wp:attachment":[{"href":"https:\/\/superfilm.at\/en\/wp-json\/wp\/v2\/media?parent=5597"}],"wp:term":[{"taxonomy":"category","embeddable":true,"href":"https:\/\/superfilm.at\/en\/wp-json\/wp\/v2\/categories?post=5597"},{"taxonomy":"post_tag","embeddable":true,"href":"https:\/\/superfilm.at\/en\/wp-json\/wp\/v2\/tags?post=5597"}],"curies":[{"name":"wp","href":"https:\/\/api.w.org\/{rel}","templated":true}]}}