{"id":5591,"date":"2022-08-11T13:35:22","date_gmt":"2022-08-11T11:35:22","guid":{"rendered":"https:\/\/superfilm.at\/tv\/mittermeier\/"},"modified":"2023-09-05T13:46:19","modified_gmt":"2023-09-05T11:46:19","slug":"mittermeier","status":"publish","type":"page","link":"https:\/\/superfilm.at\/en\/tv\/mittermeier\/","title":{"rendered":"MITTERMEIER!"},"content":{"rendered":"\t\t<div data-elementor-type=\"wp-page\" data-elementor-id=\"5591\" class=\"elementor elementor-5591 elementor-2749\" data-elementor-settings=\"{&quot;element_pack_global_tooltip_width&quot;:{&quot;unit&quot;:&quot;px&quot;,&quot;size&quot;:&quot;&quot;,&quot;sizes&quot;:[]},&quot;element_pack_global_tooltip_width_tablet&quot;:{&quot;unit&quot;:&quot;px&quot;,&quot;size&quot;:&quot;&quot;,&quot;sizes&quot;:[]},&quot;element_pack_global_tooltip_width_mobile&quot;:{&quot;unit&quot;:&quot;px&quot;,&quot;size&quot;:&quot;&quot;,&quot;sizes&quot;:[]},&quot;element_pack_global_tooltip_padding&quot;:{&quot;unit&quot;:&quot;px&quot;,&quot;top&quot;:&quot;&quot;,&quot;right&quot;:&quot;&quot;,&quot;bottom&quot;:&quot;&quot;,&quot;left&quot;:&quot;&quot;,&quot;isLinked&quot;:true},&quot;element_pack_global_tooltip_padding_tablet&quot;:{&quot;unit&quot;:&quot;px&quot;,&quot;top&quot;:&quot;&quot;,&quot;right&quot;:&quot;&quot;,&quot;bottom&quot;:&quot;&quot;,&quot;left&quot;:&quot;&quot;,&quot;isLinked&quot;:true},&quot;element_pack_global_tooltip_padding_mobile&quot;:{&quot;unit&quot;:&quot;px&quot;,&quot;top&quot;:&quot;&quot;,&quot;right&quot;:&quot;&quot;,&quot;bottom&quot;:&quot;&quot;,&quot;left&quot;:&quot;&quot;,&quot;isLinked&quot;:true},&quot;element_pack_global_tooltip_border_radius&quot;:{&quot;unit&quot;:&quot;px&quot;,&quot;top&quot;:&quot;&quot;,&quot;right&quot;:&quot;&quot;,&quot;bottom&quot;:&quot;&quot;,&quot;left&quot;:&quot;&quot;,&quot;isLinked&quot;:true},&quot;element_pack_global_tooltip_border_radius_tablet&quot;:{&quot;unit&quot;:&quot;px&quot;,&quot;top&quot;:&quot;&quot;,&quot;right&quot;:&quot;&quot;,&quot;bottom&quot;:&quot;&quot;,&quot;left&quot;:&quot;&quot;,&quot;isLinked&quot;:true},&quot;element_pack_global_tooltip_border_radius_mobile&quot;:{&quot;unit&quot;:&quot;px&quot;,&quot;top&quot;:&quot;&quot;,&quot;right&quot;:&quot;&quot;,&quot;bottom&quot;:&quot;&quot;,&quot;left&quot;:&quot;&quot;,&quot;isLinked&quot;:true}}\" data-elementor-post-type=\"page\">\n\t\t\t\t\t\t<section class=\"elementor-section elementor-top-section elementor-element elementor-element-6f87462d elementor-section-boxed elementor-section-height-default elementor-section-height-default\" data-id=\"6f87462d\" data-element_type=\"section\" data-e-type=\"section\">\n\t\t\t\t\t\t<div class=\"elementor-container elementor-column-gap-default\">\n\t\t\t\t\t<div class=\"elementor-column elementor-col-66 elementor-top-column elementor-element elementor-element-20735a0d\" data-id=\"20735a0d\" data-element_type=\"column\" data-e-type=\"column\">\n\t\t\t<div class=\"elementor-widget-wrap elementor-element-populated\">\n\t\t\t\t\t\t<div class=\"elementor-element elementor-element-2d163ead elementor-widget elementor-widget-heading\" data-id=\"2d163ead\" data-element_type=\"widget\" data-e-type=\"widget\" data-widget_type=\"heading.default\">\n\t\t\t\t<div class=\"elementor-widget-container\">\n\t\t\t\t\t<h2 class=\"elementor-heading-title elementor-size-default\">MITTERMEIER! <\/h2>\t\t\t\t<\/div>\n\t\t\t\t<\/div>\n\t\t\t\t<div class=\"elementor-element elementor-element-5a47bf80 elementor-widget elementor-widget-text-editor\" data-id=\"5a47bf80\" data-element_type=\"widget\" data-e-type=\"widget\" data-widget_type=\"text-editor.default\">\n\t\t\t\t<div class=\"elementor-widget-container\">\n\t\t\t\t\t\t\t\t\t<p><em>MITTERMEIER!<\/em>\u00a0ist eine neue Comedy-Show vom BR im Ersten mit allen Zutaten, die dem Zuschauer richtig Laune machen.<\/p><p>\u00a0<\/p><p>Michael Mittermeier, der Vorreiter der Stand Up Comedy in Deutschland widmet sich in jeder Folge seiner neuen TV-Show einem anderen Begriff, welches er bissig-charmant auseinander nimmt. Unterst\u00fctzt und pointiert wird sein Stand Up mit News-Elementen und bewegten Bildern auf gro\u00dfen LED-W\u00e4nden. Jede Folge bietet neue G\u00e4ste, die sich mit Mittermeier in einem Impro-Talk die B\u00e4lle zuspielen. H\u00f6chste Unterhaltung garantiert!<\/p><p>\u00a0<\/p><p>\u00a0<\/p><p><strong>Michael Mittermeier \u00fcber MITTERMEIER! :<\/strong><\/p><p>\u00a0<\/p><p><em>\u00bbIch freu&#8217; mich extrem auf meine erste eigene Sendung in der ARD. Die aktuelle Absurdit\u00e4tenlage braucht mal wieder auf die M\u00fctze, und ich liebe es, in meinen Stand Ups Fernsehen und die Welt zu verschmelzen. Perfekte Kombi! Und ich werde an eine meiner pers\u00f6nlichen Grenzen gehen. Let the MITTERMEIER begin!\u00ab<\/em><\/p>\t\t\t\t\t\t\t\t<\/div>\n\t\t\t\t<\/div>\n\t\t\t\t<div class=\"elementor-element elementor-element-69936d4 elementor-widget elementor-widget-text-editor\" data-id=\"69936d4\" data-element_type=\"widget\" data-e-type=\"widget\" data-widget_type=\"text-editor.default\">\n\t\t\t\t<div class=\"elementor-widget-container\">\n\t\t\t\t\t\t\t\t\t<p><br><\/p>\n<p>KOMPLETTE FOLGEN IN DER MEDIATHEK<\/p>\n<p>04.01.2019 mit Sebastian Puffpaff<\/p>\n<p>BR Fernsehen | online abrufbar unter:<br>https:\/\/bit.ly\/2kp6759<\/p>\n<p>05.07.2019 mit Torsten Str\u00e4ter<\/p>\n<p>BR Fernsehen | online abrufbar unter:<br>https:\/\/bit.ly\/2CWSuQx<\/p>\n<p>27.09.2019 mit Maxi Gstettenbauer<\/p>\n<p>BR Fernsehen | online abrufbar unter:<\/p>\n<p>https:\/\/bit.ly\/2KEItLZ<\/p>\n<p>14.11.2019 mit Alfred Dorfer<\/p>\n<p>BR Fernsehen | online abrufbar unter:<\/p>\n<p>https:\/\/bit.ly\/37pyrIc<\/p>\n<p>Kommende Ausstrahlungstermine MITTERMEIER!<\/p>\n<p>12.12.2019 23:30 Uhr im Ersten (ARD)<\/p>\n<p>20.12.2019 22:00 Uhr im BR Fernsehen<\/p>\n<p>Eine Produktion der ARD, hergestellt von SUPERFILM, M\u00fcnchen.<\/p><p><\/p>\t\t\t\t\t\t\t\t<\/div>\n\t\t\t\t<\/div>\n\t\t\t\t\t<\/div>\n\t\t<\/div>\n\t\t\t\t<div class=\"elementor-column elementor-col-33 elementor-top-column elementor-element elementor-element-3ce62005\" data-id=\"3ce62005\" data-element_type=\"column\" data-e-type=\"column\">\n\t\t\t<div class=\"elementor-widget-wrap elementor-element-populated\">\n\t\t\t\t\t\t<div class=\"elementor-element elementor-element-52bd6357 elementor-widget elementor-widget-gallery\" data-id=\"52bd6357\" data-element_type=\"widget\" data-e-type=\"widget\" data-settings=\"{&quot;gallery_layout&quot;:&quot;justified&quot;,&quot;lazyload&quot;:&quot;yes&quot;,&quot;ideal_row_height&quot;:{&quot;unit&quot;:&quot;px&quot;,&quot;size&quot;:200,&quot;sizes&quot;:[]},&quot;ideal_row_height_tablet&quot;:{&quot;unit&quot;:&quot;px&quot;,&quot;size&quot;:150,&quot;sizes&quot;:[]},&quot;ideal_row_height_mobile&quot;:{&quot;unit&quot;:&quot;px&quot;,&quot;size&quot;:150,&quot;sizes&quot;:[]},&quot;gap&quot;:{&quot;unit&quot;:&quot;px&quot;,&quot;size&quot;:10,&quot;sizes&quot;:[]},&quot;gap_tablet&quot;:{&quot;unit&quot;:&quot;px&quot;,&quot;size&quot;:10,&quot;sizes&quot;:[]},&quot;gap_mobile&quot;:{&quot;unit&quot;:&quot;px&quot;,&quot;size&quot;:10,&quot;sizes&quot;:[]},&quot;link_to&quot;:&quot;file&quot;,&quot;overlay_background&quot;:&quot;yes&quot;,&quot;content_hover_animation&quot;:&quot;fade-in&quot;}\" data-widget_type=\"gallery.default\">\n\t\t\t\t<div class=\"elementor-widget-container\">\n\t\t\t\t\t\t\t<div class=\"elementor-gallery__container\">\n\t\t\t\t\t\t\t<a class=\"e-gallery-item elementor-gallery-item elementor-animated-content\" href=\"https:\/\/superfilm.at\/wp-content\/uploads\/2022\/08\/5d273d4f7312a-mm.jpg\" data-elementor-open-lightbox=\"yes\" data-elementor-lightbox-slideshow=\"52bd6357\" data-elementor-lightbox-title=\"5d273d4f7312a-mm\" data-e-action-hash=\"#elementor-action%3Aaction%3Dlightbox%26settings%3DeyJpZCI6MjczNiwidXJsIjoiaHR0cHM6XC9cL3N1cGVyZmlsbS5hdFwvd3AtY29udGVudFwvdXBsb2Fkc1wvMjAyMlwvMDhcLzVkMjczZDRmNzMxMmEtbW0uanBnIiwic2xpZGVzaG93IjoiNTJiZDYzNTcifQ%3D%3D\">\n\t\t\t\t\t<div class=\"e-gallery-image elementor-gallery-item__image\" data-thumbnail=\"https:\/\/superfilm.at\/wp-content\/uploads\/2022\/08\/5d273d4f7312a-mm.jpg\" data-width=\"350\" data-height=\"496\" aria-label=\"\" role=\"img\" ><\/div>\n\t\t\t\t\t\t\t\t\t\t\t<div class=\"elementor-gallery-item__overlay\"><\/div>\n\t\t\t\t\t\t\t\t\t\t\t\t\t\t<\/a>\n\t\t\t\t\t\t\t<a class=\"e-gallery-item elementor-gallery-item elementor-animated-content\" href=\"https:\/\/superfilm.at\/wp-content\/uploads\/2022\/08\/5d2739cac27bb-mitt5115.jpg\" data-elementor-open-lightbox=\"yes\" data-elementor-lightbox-slideshow=\"52bd6357\" data-elementor-lightbox-title=\"5d2739cac27bb-mitt5115\" data-e-action-hash=\"#elementor-action%3Aaction%3Dlightbox%26settings%3DeyJpZCI6MjczOSwidXJsIjoiaHR0cHM6XC9cL3N1cGVyZmlsbS5hdFwvd3AtY29udGVudFwvdXBsb2Fkc1wvMjAyMlwvMDhcLzVkMjczOWNhYzI3YmItbWl0dDUxMTUuanBnIiwic2xpZGVzaG93IjoiNTJiZDYzNTcifQ%3D%3D\">\n\t\t\t\t\t<div class=\"e-gallery-image elementor-gallery-item__image\" data-thumbnail=\"https:\/\/superfilm.at\/wp-content\/uploads\/2022\/08\/5d2739cac27bb-mitt5115.jpg\" data-width=\"1920\" data-height=\"1437\" aria-label=\"\" role=\"img\" ><\/div>\n\t\t\t\t\t\t\t\t\t\t\t<div class=\"elementor-gallery-item__overlay\"><\/div>\n\t\t\t\t\t\t\t\t\t\t\t\t\t\t<\/a>\n\t\t\t\t\t\t\t<a class=\"e-gallery-item elementor-gallery-item elementor-animated-content\" href=\"https:\/\/superfilm.at\/wp-content\/uploads\/2022\/08\/5d2739b3d7e82-mitt5015.jpg\" data-elementor-open-lightbox=\"yes\" data-elementor-lightbox-slideshow=\"52bd6357\" data-elementor-lightbox-title=\"5d2739b3d7e82-mitt5015\" data-e-action-hash=\"#elementor-action%3Aaction%3Dlightbox%26settings%3DeyJpZCI6MjczOCwidXJsIjoiaHR0cHM6XC9cL3N1cGVyZmlsbS5hdFwvd3AtY29udGVudFwvdXBsb2Fkc1wvMjAyMlwvMDhcLzVkMjczOWIzZDdlODItbWl0dDUwMTUuanBnIiwic2xpZGVzaG93IjoiNTJiZDYzNTcifQ%3D%3D\">\n\t\t\t\t\t<div class=\"e-gallery-image elementor-gallery-item__image\" data-thumbnail=\"https:\/\/superfilm.at\/wp-content\/uploads\/2022\/08\/5d2739b3d7e82-mitt5015.jpg\" data-width=\"1920\" data-height=\"1440\" aria-label=\"\" role=\"img\" ><\/div>\n\t\t\t\t\t\t\t\t\t\t\t<div class=\"elementor-gallery-item__overlay\"><\/div>\n\t\t\t\t\t\t\t\t\t\t\t\t\t\t<\/a>\n\t\t\t\t\t\t\t<a class=\"e-gallery-item elementor-gallery-item elementor-animated-content\" href=\"https:\/\/superfilm.at\/wp-content\/uploads\/2022\/08\/5d2739e170a48-mitt4825.jpg\" data-elementor-open-lightbox=\"yes\" data-elementor-lightbox-slideshow=\"52bd6357\" data-elementor-lightbox-title=\"5d2739e170a48-mitt4825\" data-e-action-hash=\"#elementor-action%3Aaction%3Dlightbox%26settings%3DeyJpZCI6MjczNywidXJsIjoiaHR0cHM6XC9cL3N1cGVyZmlsbS5hdFwvd3AtY29udGVudFwvdXBsb2Fkc1wvMjAyMlwvMDhcLzVkMjczOWUxNzBhNDgtbWl0dDQ4MjUuanBnIiwic2xpZGVzaG93IjoiNTJiZDYzNTcifQ%3D%3D\">\n\t\t\t\t\t<div class=\"e-gallery-image elementor-gallery-item__image\" data-thumbnail=\"https:\/\/superfilm.at\/wp-content\/uploads\/2022\/08\/5d2739e170a48-mitt4825.jpg\" data-width=\"1920\" data-height=\"1440\" aria-label=\"\" role=\"img\" ><\/div>\n\t\t\t\t\t\t\t\t\t\t\t<div class=\"elementor-gallery-item__overlay\"><\/div>\n\t\t\t\t\t\t\t\t\t\t\t\t\t\t<\/a>\n\t\t\t\t\t<\/div>\n\t\t\t\t\t<\/div>\n\t\t\t\t<\/div>\n\t\t\t\t\t<\/div>\n\t\t<\/div>\n\t\t\t\t\t<\/div>\n\t\t<\/section>\n\t\t\t\t<\/div>\n\t\t","protected":false},"excerpt":{"rendered":"<p>MITTERMEIER! MITTERMEIER!\u00a0ist eine neue Comedy-Show vom BR im Ersten mit allen Zutaten, die dem Zuschauer richtig Laune machen. Michael Mittermeier, der Vorreiter der Stand Up Comedy in Deutschland widmet sich in jeder Folge seiner neuen TV-Show einem anderen Begriff, welches er bissig-charmant auseinander nimmt. Unterst\u00fctzt und pointiert wird sein Stand Up mit News-Elementen und bewegten [&hellip;]<\/p>\n","protected":false},"author":3,"featured_media":5081,"parent":5141,"menu_order":79,"comment_status":"closed","ping_status":"closed","template":"","meta":{"footnotes":""},"categories":[28],"tags":[],"class_list":["post-5591","page","type-page","status-publish","has-post-thumbnail","hentry","category-super-tv"],"_links":{"self":[{"href":"https:\/\/superfilm.at\/en\/wp-json\/wp\/v2\/pages\/5591","targetHints":{"allow":["GET"]}}],"collection":[{"href":"https:\/\/superfilm.at\/en\/wp-json\/wp\/v2\/pages"}],"about":[{"href":"https:\/\/superfilm.at\/en\/wp-json\/wp\/v2\/types\/page"}],"author":[{"embeddable":true,"href":"https:\/\/superfilm.at\/en\/wp-json\/wp\/v2\/users\/3"}],"replies":[{"embeddable":true,"href":"https:\/\/superfilm.at\/en\/wp-json\/wp\/v2\/comments?post=5591"}],"version-history":[{"count":0,"href":"https:\/\/superfilm.at\/en\/wp-json\/wp\/v2\/pages\/5591\/revisions"}],"up":[{"embeddable":true,"href":"https:\/\/superfilm.at\/en\/wp-json\/wp\/v2\/pages\/5141"}],"wp:featuredmedia":[{"embeddable":true,"href":"https:\/\/superfilm.at\/en\/wp-json\/wp\/v2\/media\/5081"}],"wp:attachment":[{"href":"https:\/\/superfilm.at\/en\/wp-json\/wp\/v2\/media?parent=5591"}],"wp:term":[{"taxonomy":"category","embeddable":true,"href":"https:\/\/superfilm.at\/en\/wp-json\/wp\/v2\/categories?post=5591"},{"taxonomy":"post_tag","embeddable":true,"href":"https:\/\/superfilm.at\/en\/wp-json\/wp\/v2\/tags?post=5591"}],"curies":[{"name":"wp","href":"https:\/\/api.w.org\/{rel}","templated":true}]}}