{"id":5579,"date":"2022-08-11T13:08:57","date_gmt":"2022-08-11T11:08:57","guid":{"rendered":"https:\/\/superfilm.at\/tv\/martin-kusej-meter-fuer-meter\/"},"modified":"2023-09-05T13:46:04","modified_gmt":"2023-09-05T11:46:04","slug":"martin-kusej-meter-by-meter","status":"publish","type":"page","link":"https:\/\/superfilm.at\/en\/tv\/martin-kusej-meter-by-meter\/","title":{"rendered":"Martin Ku\u0161ej \u2013 Meter by Meter"},"content":{"rendered":"\t\t<div data-elementor-type=\"wp-page\" data-elementor-id=\"5579\" class=\"elementor elementor-5579 elementor-2703\" data-elementor-settings=\"{&quot;element_pack_global_tooltip_width&quot;:{&quot;unit&quot;:&quot;px&quot;,&quot;size&quot;:&quot;&quot;,&quot;sizes&quot;:[]},&quot;element_pack_global_tooltip_width_tablet&quot;:{&quot;unit&quot;:&quot;px&quot;,&quot;size&quot;:&quot;&quot;,&quot;sizes&quot;:[]},&quot;element_pack_global_tooltip_width_mobile&quot;:{&quot;unit&quot;:&quot;px&quot;,&quot;size&quot;:&quot;&quot;,&quot;sizes&quot;:[]},&quot;element_pack_global_tooltip_padding&quot;:{&quot;unit&quot;:&quot;px&quot;,&quot;top&quot;:&quot;&quot;,&quot;right&quot;:&quot;&quot;,&quot;bottom&quot;:&quot;&quot;,&quot;left&quot;:&quot;&quot;,&quot;isLinked&quot;:true},&quot;element_pack_global_tooltip_padding_tablet&quot;:{&quot;unit&quot;:&quot;px&quot;,&quot;top&quot;:&quot;&quot;,&quot;right&quot;:&quot;&quot;,&quot;bottom&quot;:&quot;&quot;,&quot;left&quot;:&quot;&quot;,&quot;isLinked&quot;:true},&quot;element_pack_global_tooltip_padding_mobile&quot;:{&quot;unit&quot;:&quot;px&quot;,&quot;top&quot;:&quot;&quot;,&quot;right&quot;:&quot;&quot;,&quot;bottom&quot;:&quot;&quot;,&quot;left&quot;:&quot;&quot;,&quot;isLinked&quot;:true},&quot;element_pack_global_tooltip_border_radius&quot;:{&quot;unit&quot;:&quot;px&quot;,&quot;top&quot;:&quot;&quot;,&quot;right&quot;:&quot;&quot;,&quot;bottom&quot;:&quot;&quot;,&quot;left&quot;:&quot;&quot;,&quot;isLinked&quot;:true},&quot;element_pack_global_tooltip_border_radius_tablet&quot;:{&quot;unit&quot;:&quot;px&quot;,&quot;top&quot;:&quot;&quot;,&quot;right&quot;:&quot;&quot;,&quot;bottom&quot;:&quot;&quot;,&quot;left&quot;:&quot;&quot;,&quot;isLinked&quot;:true},&quot;element_pack_global_tooltip_border_radius_mobile&quot;:{&quot;unit&quot;:&quot;px&quot;,&quot;top&quot;:&quot;&quot;,&quot;right&quot;:&quot;&quot;,&quot;bottom&quot;:&quot;&quot;,&quot;left&quot;:&quot;&quot;,&quot;isLinked&quot;:true}}\" data-elementor-post-type=\"page\">\n\t\t\t\t\t\t<section class=\"elementor-section elementor-top-section elementor-element elementor-element-6fb0f997 elementor-section-boxed elementor-section-height-default elementor-section-height-default\" data-id=\"6fb0f997\" data-element_type=\"section\" data-e-type=\"section\">\n\t\t\t\t\t\t<div class=\"elementor-container elementor-column-gap-default\">\n\t\t\t\t\t<div class=\"elementor-column elementor-col-66 elementor-top-column elementor-element elementor-element-2782eb58\" data-id=\"2782eb58\" data-element_type=\"column\" data-e-type=\"column\">\n\t\t\t<div class=\"elementor-widget-wrap elementor-element-populated\">\n\t\t\t\t\t\t<div class=\"elementor-element elementor-element-232f0481 elementor-widget elementor-widget-heading\" data-id=\"232f0481\" data-element_type=\"widget\" data-e-type=\"widget\" data-widget_type=\"heading.default\">\n\t\t\t\t<div class=\"elementor-widget-container\">\n\t\t\t\t\t<h2 class=\"elementor-heading-title elementor-size-default\">MARTIN KU\u0160EJ - METER by METER<\/h2>\t\t\t\t<\/div>\n\t\t\t\t<\/div>\n\t\t\t\t<div class=\"elementor-element elementor-element-7bf90fa0 elementor-widget elementor-widget-text-editor\" data-id=\"7bf90fa0\" data-element_type=\"widget\" data-e-type=\"widget\" data-widget_type=\"text-editor.default\">\n\t\t\t\t<div class=\"elementor-widget-container\">\n\t\t\t\t\t\t\t\t\t<p>TV \u2013 Documentary, 60 minutes<\/p><p>Meter by Meter follows one of the most successful theater and opera directors in the German-speaking world through an eventful autumn. From friendly meetings to final rehearsal stress to quarrels and unconditional trust. Martin Ku\u0161ej is the constant point of reference. Without commentary from outside or explanation of his status, the film not only shows his work, but also provides deep insights into his working world, in which psychological sensitivity is just as important as artistic vision.<\/p><p>Martin Ku\u0161ej, his work and his impact.<\/p><p>Many thanks to:<br \/>Maren Eggert, Sophie von Kessel, Nadia Krasteva, Birgit Minichmayr, Kristine Opolais, G\u00fcnther Groissb\u00f6ck, Norman Hacker, Ulrich Matthes, Nicholas Ofczarek, Klaus Florian Vogt, Werner W\u00f6lbern, Deutsches Theater Berlin, Bayerische Staatsoper Munich, Schauspielhaus Hamburg, Burgtheater Vienna.<\/p><p>\u00a0<\/p><p style=\"text-align: right;\">Director: Florian Kehrer<br \/>Producer: John Lueftner<\/p><p>SUPERFILM production, commissioned by the Austrian and Bavarian Broadcasting Companies (ORF and BR).<\/p>\t\t\t\t\t\t\t\t<\/div>\n\t\t\t\t<\/div>\n\t\t\t\t\t<\/div>\n\t\t<\/div>\n\t\t\t\t<div class=\"elementor-column elementor-col-33 elementor-top-column elementor-element elementor-element-554f9a94\" data-id=\"554f9a94\" data-element_type=\"column\" data-e-type=\"column\">\n\t\t\t<div class=\"elementor-widget-wrap elementor-element-populated\">\n\t\t\t\t\t\t<div class=\"elementor-element elementor-element-1f0c735 elementor-widget elementor-widget-gallery\" data-id=\"1f0c735\" data-element_type=\"widget\" data-e-type=\"widget\" data-settings=\"{&quot;gallery_layout&quot;:&quot;justified&quot;,&quot;lazyload&quot;:&quot;yes&quot;,&quot;ideal_row_height&quot;:{&quot;unit&quot;:&quot;px&quot;,&quot;size&quot;:200,&quot;sizes&quot;:[]},&quot;ideal_row_height_tablet&quot;:{&quot;unit&quot;:&quot;px&quot;,&quot;size&quot;:150,&quot;sizes&quot;:[]},&quot;ideal_row_height_mobile&quot;:{&quot;unit&quot;:&quot;px&quot;,&quot;size&quot;:150,&quot;sizes&quot;:[]},&quot;gap&quot;:{&quot;unit&quot;:&quot;px&quot;,&quot;size&quot;:10,&quot;sizes&quot;:[]},&quot;gap_tablet&quot;:{&quot;unit&quot;:&quot;px&quot;,&quot;size&quot;:10,&quot;sizes&quot;:[]},&quot;gap_mobile&quot;:{&quot;unit&quot;:&quot;px&quot;,&quot;size&quot;:10,&quot;sizes&quot;:[]},&quot;link_to&quot;:&quot;file&quot;,&quot;overlay_background&quot;:&quot;yes&quot;,&quot;content_hover_animation&quot;:&quot;fade-in&quot;}\" data-widget_type=\"gallery.default\">\n\t\t\t\t<div class=\"elementor-widget-container\">\n\t\t\t\t\t\t\t<div class=\"elementor-gallery__container\">\n\t\t\t\t\t\t\t<a class=\"e-gallery-item elementor-gallery-item elementor-animated-content\" href=\"https:\/\/superfilm.at\/wp-content\/uploads\/2022\/08\/56b3704256067-kusejvorschaubild.png\" data-elementor-open-lightbox=\"yes\" data-elementor-lightbox-slideshow=\"1f0c735\" data-elementor-lightbox-title=\"56b3704256067-kusejvorschaubild\" data-e-action-hash=\"#elementor-action%3Aaction%3Dlightbox%26settings%3DeyJpZCI6MjcwOSwidXJsIjoiaHR0cHM6XC9cL3N1cGVyZmlsbS5hdFwvd3AtY29udGVudFwvdXBsb2Fkc1wvMjAyMlwvMDhcLzU2YjM3MDQyNTYwNjcta3VzZWp2b3JzY2hhdWJpbGQucG5nIiwic2xpZGVzaG93IjoiMWYwYzczNSJ9\">\n\t\t\t\t\t<div class=\"e-gallery-image elementor-gallery-item__image\" data-thumbnail=\"https:\/\/superfilm.at\/wp-content\/uploads\/2022\/08\/56b3704256067-kusejvorschaubild.png\" data-width=\"350\" data-height=\"496\" aria-label=\"\" role=\"img\" ><\/div>\n\t\t\t\t\t\t\t\t\t\t\t<div class=\"elementor-gallery-item__overlay\"><\/div>\n\t\t\t\t\t\t\t\t\t\t\t\t\t\t<\/a>\n\t\t\t\t\t\t\t<a class=\"e-gallery-item elementor-gallery-item elementor-animated-content\" href=\"https:\/\/superfilm.at\/wp-content\/uploads\/2022\/08\/56b8aa64c7fe6-kusejmartinopermunchenmitchor2.jpg\" data-elementor-open-lightbox=\"yes\" data-elementor-lightbox-slideshow=\"1f0c735\" data-elementor-lightbox-title=\"56b8aa64c7fe6-kusejmartinopermunchenmitchor2\" data-e-action-hash=\"#elementor-action%3Aaction%3Dlightbox%26settings%3DeyJpZCI6MjcxMywidXJsIjoiaHR0cHM6XC9cL3N1cGVyZmlsbS5hdFwvd3AtY29udGVudFwvdXBsb2Fkc1wvMjAyMlwvMDhcLzU2YjhhYTY0YzdmZTYta3VzZWptYXJ0aW5vcGVybXVuY2hlbm1pdGNob3IyLmpwZyIsInNsaWRlc2hvdyI6IjFmMGM3MzUifQ%3D%3D\">\n\t\t\t\t\t<div class=\"e-gallery-image elementor-gallery-item__image\" data-thumbnail=\"https:\/\/superfilm.at\/wp-content\/uploads\/2022\/08\/56b8aa64c7fe6-kusejmartinopermunchenmitchor2.jpg\" data-width=\"800\" data-height=\"450\" aria-label=\"\" role=\"img\" ><\/div>\n\t\t\t\t\t\t\t\t\t\t\t<div class=\"elementor-gallery-item__overlay\"><\/div>\n\t\t\t\t\t\t\t\t\t\t\t\t\t\t<\/a>\n\t\t\t\t\t\t\t<a class=\"e-gallery-item elementor-gallery-item elementor-animated-content\" href=\"https:\/\/superfilm.at\/wp-content\/uploads\/2022\/08\/56b8aa64d0aa5-kusejmartinwohnungmunchen02.jpg\" data-elementor-open-lightbox=\"yes\" data-elementor-lightbox-slideshow=\"1f0c735\" data-elementor-lightbox-title=\"56b8aa64d0aa5-kusejmartinwohnungmunchen02\" data-e-action-hash=\"#elementor-action%3Aaction%3Dlightbox%26settings%3DeyJpZCI6MjcxMiwidXJsIjoiaHR0cHM6XC9cL3N1cGVyZmlsbS5hdFwvd3AtY29udGVudFwvdXBsb2Fkc1wvMjAyMlwvMDhcLzU2YjhhYTY0ZDBhYTUta3VzZWptYXJ0aW53b2hudW5nbXVuY2hlbjAyLmpwZyIsInNsaWRlc2hvdyI6IjFmMGM3MzUifQ%3D%3D\">\n\t\t\t\t\t<div class=\"e-gallery-image elementor-gallery-item__image\" data-thumbnail=\"https:\/\/superfilm.at\/wp-content\/uploads\/2022\/08\/56b8aa64d0aa5-kusejmartinwohnungmunchen02.jpg\" data-width=\"800\" data-height=\"450\" aria-label=\"\" role=\"img\" ><\/div>\n\t\t\t\t\t\t\t\t\t\t\t<div class=\"elementor-gallery-item__overlay\"><\/div>\n\t\t\t\t\t\t\t\t\t\t\t\t\t\t<\/a>\n\t\t\t\t\t\t\t<a class=\"e-gallery-item elementor-gallery-item elementor-animated-content\" href=\"https:\/\/superfilm.at\/wp-content\/uploads\/2022\/08\/56b8aa64cdf75-ofczarekkusejminichmayrhamburgtaxi.jpg\" data-elementor-open-lightbox=\"yes\" data-elementor-lightbox-slideshow=\"1f0c735\" data-elementor-lightbox-title=\"56b8aa64cdf75-ofczarekkusejminichmayrhamburgtaxi\" data-e-action-hash=\"#elementor-action%3Aaction%3Dlightbox%26settings%3DeyJpZCI6MjcxMSwidXJsIjoiaHR0cHM6XC9cL3N1cGVyZmlsbS5hdFwvd3AtY29udGVudFwvdXBsb2Fkc1wvMjAyMlwvMDhcLzU2YjhhYTY0Y2RmNzUtb2ZjemFyZWtrdXNlam1pbmljaG1heXJoYW1idXJndGF4aS5qcGciLCJzbGlkZXNob3ciOiIxZjBjNzM1In0%3D\">\n\t\t\t\t\t<div class=\"e-gallery-image elementor-gallery-item__image\" data-thumbnail=\"https:\/\/superfilm.at\/wp-content\/uploads\/2022\/08\/56b8aa64cdf75-ofczarekkusejminichmayrhamburgtaxi.jpg\" data-width=\"800\" data-height=\"450\" aria-label=\"\" role=\"img\" ><\/div>\n\t\t\t\t\t\t\t\t\t\t\t<div class=\"elementor-gallery-item__overlay\"><\/div>\n\t\t\t\t\t\t\t\t\t\t\t\t\t\t<\/a>\n\t\t\t\t\t\t\t<a class=\"e-gallery-item elementor-gallery-item elementor-animated-content\" href=\"https:\/\/superfilm.at\/wp-content\/uploads\/2022\/08\/56b8aa64d2122-sophievonkesselmareneggertkusejprobenberlin.jpg\" data-elementor-open-lightbox=\"yes\" data-elementor-lightbox-slideshow=\"1f0c735\" data-elementor-lightbox-title=\"56b8aa64d2122-sophievonkesselmareneggertkusejprobenberlin\" data-e-action-hash=\"#elementor-action%3Aaction%3Dlightbox%26settings%3DeyJpZCI6MjcxMCwidXJsIjoiaHR0cHM6XC9cL3N1cGVyZmlsbS5hdFwvd3AtY29udGVudFwvdXBsb2Fkc1wvMjAyMlwvMDhcLzU2YjhhYTY0ZDIxMjItc29waGlldm9ua2Vzc2VsbWFyZW5lZ2dlcnRrdXNlanByb2JlbmJlcmxpbi5qcGciLCJzbGlkZXNob3ciOiIxZjBjNzM1In0%3D\">\n\t\t\t\t\t<div class=\"e-gallery-image elementor-gallery-item__image\" data-thumbnail=\"https:\/\/superfilm.at\/wp-content\/uploads\/2022\/08\/56b8aa64d2122-sophievonkesselmareneggertkusejprobenberlin.jpg\" data-width=\"800\" data-height=\"450\" aria-label=\"\" role=\"img\" ><\/div>\n\t\t\t\t\t\t\t\t\t\t\t<div class=\"elementor-gallery-item__overlay\"><\/div>\n\t\t\t\t\t\t\t\t\t\t\t\t\t\t<\/a>\n\t\t\t\t\t<\/div>\n\t\t\t\t\t<\/div>\n\t\t\t\t<\/div>\n\t\t\t\t\t<\/div>\n\t\t<\/div>\n\t\t\t\t\t<\/div>\n\t\t<\/section>\n\t\t\t\t<section class=\"elementor-section elementor-top-section elementor-element elementor-element-796637fc elementor-section-boxed elementor-section-height-default elementor-section-height-default\" data-id=\"796637fc\" data-element_type=\"section\" data-e-type=\"section\">\n\t\t\t\t\t\t<div class=\"elementor-container elementor-column-gap-default\">\n\t\t\t\t\t<div class=\"elementor-column elementor-col-100 elementor-top-column elementor-element elementor-element-60c4da58\" data-id=\"60c4da58\" data-element_type=\"column\" data-e-type=\"column\">\n\t\t\t<div class=\"elementor-widget-wrap elementor-element-populated\">\n\t\t\t\t\t\t<div class=\"elementor-element elementor-element-79d38527 elementor-widget elementor-widget-shortcode\" data-id=\"79d38527\" data-element_type=\"widget\" data-e-type=\"widget\" data-widget_type=\"shortcode.default\">\n\t\t\t\t<div class=\"elementor-widget-container\">\n\t\t\t\t\t\t\t<div class=\"elementor-shortcode\"><input type=\"button\" value=\"back\" class=\"alg_back_button_input \" style=\"\" onclick=\"window.history.back()\" \/><\/div>\n\t\t\t\t\t\t<\/div>\n\t\t\t\t<\/div>\n\t\t\t\t\t<\/div>\n\t\t<\/div>\n\t\t\t\t\t<\/div>\n\t\t<\/section>\n\t\t\t\t<\/div>\n\t\t","protected":false},"excerpt":{"rendered":"<p>MARTIN KU\u0160EJ &#8211; METER by METER TV \u2013 Documentary, 60 minutes Meter by Meter follows one of the most successful theater and opera directors in the German-speaking world through an eventful autumn. From friendly meetings to final rehearsal stress to quarrels and unconditional trust. Martin Ku\u0161ej is the constant point of reference. Without commentary from [&hellip;]<\/p>\n","protected":false},"author":3,"featured_media":5075,"parent":5141,"menu_order":76,"comment_status":"closed","ping_status":"closed","template":"","meta":{"footnotes":""},"categories":[28],"tags":[],"class_list":["post-5579","page","type-page","status-publish","has-post-thumbnail","hentry","category-super-tv"],"_links":{"self":[{"href":"https:\/\/superfilm.at\/en\/wp-json\/wp\/v2\/pages\/5579","targetHints":{"allow":["GET"]}}],"collection":[{"href":"https:\/\/superfilm.at\/en\/wp-json\/wp\/v2\/pages"}],"about":[{"href":"https:\/\/superfilm.at\/en\/wp-json\/wp\/v2\/types\/page"}],"author":[{"embeddable":true,"href":"https:\/\/superfilm.at\/en\/wp-json\/wp\/v2\/users\/3"}],"replies":[{"embeddable":true,"href":"https:\/\/superfilm.at\/en\/wp-json\/wp\/v2\/comments?post=5579"}],"version-history":[{"count":0,"href":"https:\/\/superfilm.at\/en\/wp-json\/wp\/v2\/pages\/5579\/revisions"}],"up":[{"embeddable":true,"href":"https:\/\/superfilm.at\/en\/wp-json\/wp\/v2\/pages\/5141"}],"wp:featuredmedia":[{"embeddable":true,"href":"https:\/\/superfilm.at\/en\/wp-json\/wp\/v2\/media\/5075"}],"wp:attachment":[{"href":"https:\/\/superfilm.at\/en\/wp-json\/wp\/v2\/media?parent=5579"}],"wp:term":[{"taxonomy":"category","embeddable":true,"href":"https:\/\/superfilm.at\/en\/wp-json\/wp\/v2\/categories?post=5579"},{"taxonomy":"post_tag","embeddable":true,"href":"https:\/\/superfilm.at\/en\/wp-json\/wp\/v2\/tags?post=5579"}],"curies":[{"name":"wp","href":"https:\/\/api.w.org\/{rel}","templated":true}]}}