{"id":5353,"date":"2022-05-03T12:54:07","date_gmt":"2022-05-03T10:54:07","guid":{"rendered":"https:\/\/superfilm.at\/tv\/ich-und-die-anderen\/"},"modified":"2026-04-10T16:50:09","modified_gmt":"2026-04-10T14:50:09","slug":"me-and-the-others","status":"publish","type":"page","link":"https:\/\/superfilm.at\/en\/tv\/me-and-the-others\/","title":{"rendered":"ME AND THE OTHERS"},"content":{"rendered":"\t\t<div data-elementor-type=\"wp-page\" data-elementor-id=\"5353\" class=\"elementor elementor-5353 elementor-1081\" data-elementor-settings=\"{&quot;element_pack_global_tooltip_width&quot;:{&quot;unit&quot;:&quot;px&quot;,&quot;size&quot;:&quot;&quot;,&quot;sizes&quot;:[]},&quot;element_pack_global_tooltip_width_tablet&quot;:{&quot;unit&quot;:&quot;px&quot;,&quot;size&quot;:&quot;&quot;,&quot;sizes&quot;:[]},&quot;element_pack_global_tooltip_width_mobile&quot;:{&quot;unit&quot;:&quot;px&quot;,&quot;size&quot;:&quot;&quot;,&quot;sizes&quot;:[]},&quot;element_pack_global_tooltip_padding&quot;:{&quot;unit&quot;:&quot;px&quot;,&quot;top&quot;:&quot;&quot;,&quot;right&quot;:&quot;&quot;,&quot;bottom&quot;:&quot;&quot;,&quot;left&quot;:&quot;&quot;,&quot;isLinked&quot;:true},&quot;element_pack_global_tooltip_padding_tablet&quot;:{&quot;unit&quot;:&quot;px&quot;,&quot;top&quot;:&quot;&quot;,&quot;right&quot;:&quot;&quot;,&quot;bottom&quot;:&quot;&quot;,&quot;left&quot;:&quot;&quot;,&quot;isLinked&quot;:true},&quot;element_pack_global_tooltip_padding_mobile&quot;:{&quot;unit&quot;:&quot;px&quot;,&quot;top&quot;:&quot;&quot;,&quot;right&quot;:&quot;&quot;,&quot;bottom&quot;:&quot;&quot;,&quot;left&quot;:&quot;&quot;,&quot;isLinked&quot;:true},&quot;element_pack_global_tooltip_border_radius&quot;:{&quot;unit&quot;:&quot;px&quot;,&quot;top&quot;:&quot;&quot;,&quot;right&quot;:&quot;&quot;,&quot;bottom&quot;:&quot;&quot;,&quot;left&quot;:&quot;&quot;,&quot;isLinked&quot;:true},&quot;element_pack_global_tooltip_border_radius_tablet&quot;:{&quot;unit&quot;:&quot;px&quot;,&quot;top&quot;:&quot;&quot;,&quot;right&quot;:&quot;&quot;,&quot;bottom&quot;:&quot;&quot;,&quot;left&quot;:&quot;&quot;,&quot;isLinked&quot;:true},&quot;element_pack_global_tooltip_border_radius_mobile&quot;:{&quot;unit&quot;:&quot;px&quot;,&quot;top&quot;:&quot;&quot;,&quot;right&quot;:&quot;&quot;,&quot;bottom&quot;:&quot;&quot;,&quot;left&quot;:&quot;&quot;,&quot;isLinked&quot;:true}}\" data-elementor-post-type=\"page\">\n\t\t\t\t\t\t<section class=\"elementor-section elementor-top-section elementor-element elementor-element-69580def elementor-section-boxed elementor-section-height-default elementor-section-height-default\" data-id=\"69580def\" data-element_type=\"section\" data-e-type=\"section\">\n\t\t\t\t\t\t<div class=\"elementor-container elementor-column-gap-default\">\n\t\t\t\t\t<div class=\"elementor-column elementor-col-66 elementor-top-column elementor-element elementor-element-6fa545e1\" data-id=\"6fa545e1\" data-element_type=\"column\" data-e-type=\"column\">\n\t\t\t<div class=\"elementor-widget-wrap elementor-element-populated\">\n\t\t\t\t\t\t<div class=\"elementor-element elementor-element-a358713 elementor-widget elementor-widget-heading\" data-id=\"a358713\" data-element_type=\"widget\" data-e-type=\"widget\" data-widget_type=\"heading.default\">\n\t\t\t\t<div class=\"elementor-widget-container\">\n\t\t\t\t\t<h2 class=\"elementor-heading-title elementor-size-default\">ME AND THE OTHERS<\/h2>\t\t\t\t<\/div>\n\t\t\t\t<\/div>\n\t\t\t\t<div class=\"elementor-element elementor-element-5e4355c8 elementor-widget elementor-widget-text-editor\" data-id=\"5e4355c8\" data-element_type=\"widget\" data-e-type=\"widget\" data-widget_type=\"text-editor.default\">\n\t\t\t\t<div class=\"elementor-widget-container\">\n\t\t\t\t\t\t\t\t\t<p>Series, 6 x 40 minutes<\/p><p style=\"text-align: justify;\"><br \/>Six episodes tell the story of a character who struggles with the world and himself and is allowed to reshuffle the cards in each episode. What happens to the &#8220;I&#8221; when the relationship to the environment is constantly changing.<\/p>\t\t\t\t\t\t\t\t<\/div>\n\t\t\t\t<\/div>\n\t\t\t\t<div class=\"elementor-element elementor-element-6b611200 elementor-widget elementor-widget-video\" data-id=\"6b611200\" data-element_type=\"widget\" data-e-type=\"widget\" data-settings=\"{&quot;youtube_url&quot;:&quot;https:\\\/\\\/www.youtube.com\\\/watch?v=O0sJfLxX-2g&amp;ab_channel=Sky%C3%96sterreich&quot;,&quot;yt_privacy&quot;:&quot;yes&quot;,&quot;video_type&quot;:&quot;youtube&quot;,&quot;controls&quot;:&quot;yes&quot;}\" data-widget_type=\"video.default\">\n\t\t\t\t<div class=\"elementor-widget-container\">\n\t\t\t\t\t\t\t<div class=\"elementor-wrapper elementor-open-inline\">\n\t\t\t<div class=\"elementor-video\"><\/div>\t\t<\/div>\n\t\t\t\t\t\t<\/div>\n\t\t\t\t<\/div>\n\t\t\t\t<div class=\"elementor-element elementor-element-9cb4c31 elementor-widget elementor-widget-text-editor\" data-id=\"9cb4c31\" data-element_type=\"widget\" data-e-type=\"widget\" data-widget_type=\"text-editor.default\">\n\t\t\t\t<div class=\"elementor-widget-container\">\n\t\t\t\t\t\t\t\t\t<p style=\"text-align: justify;\">With Tom Schilling, Katharina Sch\u00fcttler, Lars Eidinger, Martin Wuttke, Sophie Rois, Michael Maertens, Sarah Viktoria Frick, and many more.<\/p><p style=\"text-align: right;\">Written &amp; directed by David Schalko<\/p><p style=\"text-align: right;\">Producers: John Lueftner, David Schalko &amp; Quirin Schmidt<\/p><p>A co-production of SUPERFILM and SKY Germany. With the support of Fernsehfonds Austria, Fernsehfonds des Filmfonds Wien, VAM and COMEBACK Film und Fernsehen.<\/p><p>From July 29, the complete season will be available on demand on\u00a0<a href=\"https:\/\/www.sky.at\/produkte\/sky-q-157404?wkz=AWSBP01&amp;gclsrc=aw.ds&amp;&amp;gclid=Cj0KCQjw0K-HBhDDARIsAFJ6UGhiJOgR9f212kmiBIZI8L5JW6DEaw3hq2ls4NKaSnkRo_Ffo7uO7R8aAoCHEALw_wcB\">Sky Q<\/a>.<\/p><p><strong>A SELECTION OF PRESS REVIEWS ON &#8220;Me and the Others&#8221;.<\/strong><\/p><p>&#8220;David Schalko has succeeded with &#8220;I and the Others&#8221; perhaps the craziest series of all time.&#8221;<\/p><p>&#8211; S\u00fcddeutsche Zeitung<\/p><p>&#8220;German series haven&#8217;t been this much fun in a long time.<\/p><p>Instead of leaving it at social analysis, the Sky original does something that few German-language series have done in recent years: It flouts conventions and throws its protagonist from one absurd situation to the next<\/p><p>It&#8217;s hard to explain what exactly makes Ich und die Anderen by director David Schalko (Braunschlag, among others) so outrageously fantastic. Perhaps it&#8217;s the unusual concept, which feels incredibly refreshing and different compared to similarly introspective drama series. But it&#8217;s probably also because almost every single aspect of the series seems exciting and well executed.&#8221;<\/p><p>&#8220;The S\u00fcddeutsche Zeitung speaks of a &#8220;mad trip, somewhere between a journey to self-knowledge, a matrix simulation and a fairy tale transplanted into the present&#8221;, the Taz praises the &#8220;dialogue fireworks that are unparalleled within the German-language series landscape&#8221;, for the FAZ &#8220;the courageously monstrous series traces the desires of lone warriors in an affluent society&#8221;. The Tagesspiegel is delighted by &#8220;the playfulness of the all-star ensemble, which visibly enjoys giving the monkey sugar.&#8221;<\/p><p>&#8211; Moviepilot<\/p><p>&#8220;I and the Others&#8221; is perhaps the best Sky original to date, Yes, it&#8217;s generally once again a series that should definitely be seen. Schalko&#8217;s thought experiment is told and staged at an insane pace. Where in other series everything has already been said after one or two episodes, &#8220;I and the Others&#8221; draws all the benefits from its overall (relatively reduced) four-hour running time.&#8221;<\/p><p>&#8211; Digital TV<\/p><p>&#8220;What&#8217;s going on. David Schalko&#8217;s going on there. Because by his own book, the Austrian director has once again created a masterpiece that subjects our being to the lie detector test of consciousness. As in &#8220;Braunschlag&#8221; or &#8220;Altes Geld,&#8221; he immerses the majority society in the real-satirical steel bath of elite contempt, so that even the lower classes will be hurt by watching. And as in the remake of Fritz Lang&#8217;s film legend &#8220;M &#8211; Die Stadt sucht einen M\u00f6rder&#8221; (M &#8211; The City is Looking for a Murderer), he makes use of half of Vienna&#8217;s castle ensemble: the result: our egoism has rarely been translated more theatrically into television entertainment. But neither has it been more truthful. Especially thanks to Tom Schilling.&#8221;<\/p><p>&#8211; RND<\/p><p>&#8220;The latest stroke of genius by author and filmmaker David Schalko is a perfidious experimental set-up. Each episode plays out what the world would look like if one of Tristan&#8217;s wishes came true. Sometimes he wishes that everyone loved him, sometimes that there were no more secrets. But whatever he wishes for, the story always takes an absurd turn.&#8221;<\/p><p>&#8211; Stuttgarter Nachrichten<\/p><p>&#8220;This truly extraordinary six-parter by Austrian director and writer David Schalko is a surreal, wild trip through the mind of the main character, played by Tom Schilling, a man named Tristan.&#8221;<\/p><p>&#8211; Der Spiegel<\/p><p>&#8220;Disturbing and challenging, with &#8220;I and the Others&#8221; Austria&#8217;s master director David Schalko delivers a philosophically charged confusion game about identity and ego. Finally, another work off the beaten TV path.&#8221;<\/p><p>&#8211; DWDL<\/p><p>&#8220;Schalko distills the difference of appearance and reality so strongly that it has probably not been seen in this aesthetic finesse in a German-language television format since Fassbinder.&#8221;<\/p><p>&#8211; Neue Z\u00fcricher Zeitung<\/p><p>&#8220;All in all, a linguistically demanding but fascinatingly original surreal trip with biting humor that in places feels as if Freud had smoked too much Kafka or at least watched some David Lynch films. As I said, freaky!&#8221;<\/p><p>&#8211; SWR2<\/p><p>&#8220;The experimental series &#8220;I and the Others&#8221; explores existentialist questions. The six episodes fire off a veritable firework of dialogue.&#8221;<\/p><p>&#8220;Held together by director and writer David Schalko (&#8220;Braunschlag&#8221;), the approximately 40-minute episodes are a veritable fireworks display of dialogue that is unparalleled within the German-language series landscape. In the lines laconically delivered by the consistently convincing cast, one polished aphorism (&#8220;Ich verwirkliche mich zu Tode&#8221;) follows the next.&#8221;<\/p><p>-TAZ<\/p><p>&#8220;Simulation of extremes: The courageously monstrous satire &#8220;Me and the Others&#8221; traces the desires of lone warriors in the affluent society. In this wonder-lamp simulation, desires are always born out of the excessive demands that previous desires have triggered. Thus &#8220;everyone should know everything about me&#8221; becomes &#8220;everyone should tell the truth&#8221;. Wishes are not predictable, even if they often seem logical as soon as they manifest themselves. That, too, is the great charm of this series, which, although exhausting and somewhat disturbing for tender minds because of all the genital frontal airs, castration and penetration fantasies, is unpredictable in a highly entertaining way. Added to this is the ensemble, which is steeped in theatrical experience. Necessary is this experience, because it needs capable speakers to intercept and fire back the force of the absurdity of the text (directed and scripted by David Schalko), which in places looks precisely at the mouth and turns the entire range of human meannesses, injuries and misunderstandings into deadly bullets.&#8221;<\/p><p>&#8211; FAZ<\/p><p>&#8220;David Schalko&#8217;s new serial prank, Me and the Others, is surreal and enjoyable like an early Woody Allen.&#8221;<\/p><p>&#8211; THE PRESS<\/p><p>&#8220;Austria&#8217;s avant-garde frontman puts the finishing touches on his previous series with a surreal variation on &#8220;Und t\u00e4glich gr\u00fc\u00dft das<br \/>Groundhog&#8221; presents his serial masterpiece to date.&#8221;<\/p><p>&#8211; APA<\/p><p>\u00a0<\/p><p>This production was certified with the Austrian Ecolabel.<\/p><p>You can read more about it <span style=\"text-decoration: underline;\"><a href=\"https:\/\/www.umweltzeichen.at\/de\/produkte\/bau?cert_number=UZ76-1222\" target=\"_blank\" rel=\"noopener\">here<\/a><\/span>.<\/p><p><img fetchpriority=\"high\" decoding=\"async\" class=\"alignnone size-medium wp-image-4468\" src=\"https:\/\/superfilm.at\/wp-content\/uploads\/2022\/04\/Bildschirmfoto-2020-03-04-um-14.58.41_1-300x178.png\" alt=\"\" width=\"300\" height=\"178\" srcset=\"https:\/\/superfilm.at\/wp-content\/uploads\/2022\/04\/Bildschirmfoto-2020-03-04-um-14.58.41_1-300x178.png 300w, https:\/\/superfilm.at\/wp-content\/uploads\/2022\/04\/Bildschirmfoto-2020-03-04-um-14.58.41_1-1024x607.png 1024w, https:\/\/superfilm.at\/wp-content\/uploads\/2022\/04\/Bildschirmfoto-2020-03-04-um-14.58.41_1-768x455.png 768w, https:\/\/superfilm.at\/wp-content\/uploads\/2022\/04\/Bildschirmfoto-2020-03-04-um-14.58.41_1.png 1157w\" sizes=\"(max-width: 300px) 100vw, 300px\" \/><\/p>\t\t\t\t\t\t\t\t<\/div>\n\t\t\t\t<\/div>\n\t\t\t\t\t<\/div>\n\t\t<\/div>\n\t\t\t\t<div class=\"elementor-column elementor-col-33 elementor-top-column elementor-element elementor-element-166014fa\" data-id=\"166014fa\" data-element_type=\"column\" data-e-type=\"column\">\n\t\t\t<div class=\"elementor-widget-wrap elementor-element-populated\">\n\t\t\t\t\t\t<div class=\"elementor-element elementor-element-1982ae06 elementor-widget elementor-widget-gallery\" data-id=\"1982ae06\" data-element_type=\"widget\" data-e-type=\"widget\" data-settings=\"{&quot;gallery_layout&quot;:&quot;justified&quot;,&quot;lazyload&quot;:&quot;yes&quot;,&quot;ideal_row_height&quot;:{&quot;unit&quot;:&quot;px&quot;,&quot;size&quot;:200,&quot;sizes&quot;:[]},&quot;ideal_row_height_tablet&quot;:{&quot;unit&quot;:&quot;px&quot;,&quot;size&quot;:150,&quot;sizes&quot;:[]},&quot;ideal_row_height_mobile&quot;:{&quot;unit&quot;:&quot;px&quot;,&quot;size&quot;:150,&quot;sizes&quot;:[]},&quot;gap&quot;:{&quot;unit&quot;:&quot;px&quot;,&quot;size&quot;:10,&quot;sizes&quot;:[]},&quot;gap_tablet&quot;:{&quot;unit&quot;:&quot;px&quot;,&quot;size&quot;:10,&quot;sizes&quot;:[]},&quot;gap_mobile&quot;:{&quot;unit&quot;:&quot;px&quot;,&quot;size&quot;:10,&quot;sizes&quot;:[]},&quot;link_to&quot;:&quot;file&quot;,&quot;overlay_background&quot;:&quot;yes&quot;,&quot;content_hover_animation&quot;:&quot;fade-in&quot;}\" data-widget_type=\"gallery.default\">\n\t\t\t\t<div class=\"elementor-widget-container\">\n\t\t\t\t\t\t\t<div class=\"elementor-gallery__container\">\n\t\t\t\t\t\t\t<a class=\"e-gallery-item elementor-gallery-item elementor-animated-content\" href=\"https:\/\/superfilm.at\/wp-content\/uploads\/2022\/05\/60ec0c99905d9-iudadin-hochmittt.jpg\" data-elementor-open-lightbox=\"yes\" data-elementor-lightbox-slideshow=\"1982ae06\" data-elementor-lightbox-title=\"60ec0c99905d9-iudadin-hochmittt\" data-e-action-hash=\"#elementor-action%3Aaction%3Dlightbox%26settings%3DeyJpZCI6NDQ3NSwidXJsIjoiaHR0cHM6XC9cL3N1cGVyZmlsbS5hdFwvd3AtY29udGVudFwvdXBsb2Fkc1wvMjAyMlwvMDVcLzYwZWMwYzk5OTA1ZDktaXVkYWRpbi1ob2NobWl0dHQuanBnIiwic2xpZGVzaG93IjoiMTk4MmFlMDYifQ%3D%3D\">\n\t\t\t\t\t<div class=\"e-gallery-image elementor-gallery-item__image\" data-thumbnail=\"https:\/\/superfilm.at\/wp-content\/uploads\/2022\/05\/60ec0c99905d9-iudadin-hochmittt.jpg\" data-width=\"350\" data-height=\"496\" aria-label=\"\" role=\"img\" ><\/div>\n\t\t\t\t\t\t\t\t\t\t\t<div class=\"elementor-gallery-item__overlay\"><\/div>\n\t\t\t\t\t\t\t\t\t\t\t\t\t\t<\/a>\n\t\t\t\t\t\t\t<a class=\"e-gallery-item elementor-gallery-item elementor-animated-content\" href=\"https:\/\/superfilm.at\/wp-content\/uploads\/2022\/08\/60ec15821f20a-iudaselects2115.jpg\" data-elementor-open-lightbox=\"yes\" data-elementor-lightbox-slideshow=\"1982ae06\" data-elementor-lightbox-title=\"60ec15821f20a-iudaselects2115\" data-e-action-hash=\"#elementor-action%3Aaction%3Dlightbox%26settings%3DeyJpZCI6NDQ5MSwidXJsIjoiaHR0cHM6XC9cL3N1cGVyZmlsbS5hdFwvd3AtY29udGVudFwvdXBsb2Fkc1wvMjAyMlwvMDhcLzYwZWMxNTgyMWYyMGEtaXVkYXNlbGVjdHMyMTE1LmpwZyIsInNsaWRlc2hvdyI6IjE5ODJhZTA2In0%3D\">\n\t\t\t\t\t<div class=\"e-gallery-image elementor-gallery-item__image\" data-thumbnail=\"https:\/\/superfilm.at\/wp-content\/uploads\/2022\/08\/60ec15821f20a-iudaselects2115.jpg\" data-width=\"1920\" data-height=\"1080\" aria-label=\"\" role=\"img\" ><\/div>\n\t\t\t\t\t\t\t\t\t\t\t<div class=\"elementor-gallery-item__overlay\"><\/div>\n\t\t\t\t\t\t\t\t\t\t\t\t\t\t<\/a>\n\t\t\t\t\t\t\t<a class=\"e-gallery-item elementor-gallery-item elementor-animated-content\" href=\"https:\/\/superfilm.at\/wp-content\/uploads\/2022\/08\/60ec15d680ff3-iudaselects21171-1.jpg\" data-elementor-open-lightbox=\"yes\" data-elementor-lightbox-slideshow=\"1982ae06\" data-elementor-lightbox-title=\"60ec15d680ff3-iudaselects21171\" data-e-action-hash=\"#elementor-action%3Aaction%3Dlightbox%26settings%3DeyJpZCI6NDQ5MiwidXJsIjoiaHR0cHM6XC9cL3N1cGVyZmlsbS5hdFwvd3AtY29udGVudFwvdXBsb2Fkc1wvMjAyMlwvMDhcLzYwZWMxNWQ2ODBmZjMtaXVkYXNlbGVjdHMyMTE3MS0xLmpwZyIsInNsaWRlc2hvdyI6IjE5ODJhZTA2In0%3D\">\n\t\t\t\t\t<div class=\"e-gallery-image elementor-gallery-item__image\" data-thumbnail=\"https:\/\/superfilm.at\/wp-content\/uploads\/2022\/08\/60ec15d680ff3-iudaselects21171-1.jpg\" data-width=\"1920\" data-height=\"1080\" aria-label=\"\" role=\"img\" ><\/div>\n\t\t\t\t\t\t\t\t\t\t\t<div class=\"elementor-gallery-item__overlay\"><\/div>\n\t\t\t\t\t\t\t\t\t\t\t\t\t\t<\/a>\n\t\t\t\t\t\t\t<a class=\"e-gallery-item elementor-gallery-item elementor-animated-content\" href=\"https:\/\/superfilm.at\/wp-content\/uploads\/2022\/08\/60ec15a357563-iudaselects2141-1.jpg\" data-elementor-open-lightbox=\"yes\" data-elementor-lightbox-slideshow=\"1982ae06\" data-elementor-lightbox-title=\"60ec15a357563-iudaselects2141\" data-e-action-hash=\"#elementor-action%3Aaction%3Dlightbox%26settings%3DeyJpZCI6NDQ5MywidXJsIjoiaHR0cHM6XC9cL3N1cGVyZmlsbS5hdFwvd3AtY29udGVudFwvdXBsb2Fkc1wvMjAyMlwvMDhcLzYwZWMxNWEzNTc1NjMtaXVkYXNlbGVjdHMyMTQxLTEuanBnIiwic2xpZGVzaG93IjoiMTk4MmFlMDYifQ%3D%3D\">\n\t\t\t\t\t<div class=\"e-gallery-image elementor-gallery-item__image\" data-thumbnail=\"https:\/\/superfilm.at\/wp-content\/uploads\/2022\/08\/60ec15a357563-iudaselects2141-1.jpg\" data-width=\"1920\" data-height=\"1080\" aria-label=\"\" role=\"img\" ><\/div>\n\t\t\t\t\t\t\t\t\t\t\t<div class=\"elementor-gallery-item__overlay\"><\/div>\n\t\t\t\t\t\t\t\t\t\t\t\t\t\t<\/a>\n\t\t\t\t\t\t\t<a class=\"e-gallery-item elementor-gallery-item elementor-animated-content\" href=\"https:\/\/superfilm.at\/wp-content\/uploads\/2022\/08\/60ec15bce1484-iudaselects21113-1.jpg\" data-elementor-open-lightbox=\"yes\" data-elementor-lightbox-slideshow=\"1982ae06\" data-elementor-lightbox-title=\"60ec15bce1484-iudaselects21113\" data-e-action-hash=\"#elementor-action%3Aaction%3Dlightbox%26settings%3DeyJpZCI6NDQ5NCwidXJsIjoiaHR0cHM6XC9cL3N1cGVyZmlsbS5hdFwvd3AtY29udGVudFwvdXBsb2Fkc1wvMjAyMlwvMDhcLzYwZWMxNWJjZTE0ODQtaXVkYXNlbGVjdHMyMTExMy0xLmpwZyIsInNsaWRlc2hvdyI6IjE5ODJhZTA2In0%3D\">\n\t\t\t\t\t<div class=\"e-gallery-image elementor-gallery-item__image\" data-thumbnail=\"https:\/\/superfilm.at\/wp-content\/uploads\/2022\/08\/60ec15bce1484-iudaselects21113-1.jpg\" data-width=\"1920\" data-height=\"1080\" aria-label=\"\" role=\"img\" ><\/div>\n\t\t\t\t\t\t\t\t\t\t\t<div class=\"elementor-gallery-item__overlay\"><\/div>\n\t\t\t\t\t\t\t\t\t\t\t\t\t\t<\/a>\n\t\t\t\t\t\t\t<a class=\"e-gallery-item elementor-gallery-item elementor-animated-content\" href=\"https:\/\/superfilm.at\/wp-content\/uploads\/2022\/08\/60ec158d5eae7-iudaselects2121-1.jpg\" data-elementor-open-lightbox=\"yes\" data-elementor-lightbox-slideshow=\"1982ae06\" data-elementor-lightbox-title=\"60ec158d5eae7-iudaselects2121\" data-e-action-hash=\"#elementor-action%3Aaction%3Dlightbox%26settings%3DeyJpZCI6NDQ5NSwidXJsIjoiaHR0cHM6XC9cL3N1cGVyZmlsbS5hdFwvd3AtY29udGVudFwvdXBsb2Fkc1wvMjAyMlwvMDhcLzYwZWMxNThkNWVhZTctaXVkYXNlbGVjdHMyMTIxLTEuanBnIiwic2xpZGVzaG93IjoiMTk4MmFlMDYifQ%3D%3D\">\n\t\t\t\t\t<div class=\"e-gallery-image elementor-gallery-item__image\" data-thumbnail=\"https:\/\/superfilm.at\/wp-content\/uploads\/2022\/08\/60ec158d5eae7-iudaselects2121-1.jpg\" data-width=\"1920\" data-height=\"1080\" aria-label=\"\" role=\"img\" ><\/div>\n\t\t\t\t\t\t\t\t\t\t\t<div class=\"elementor-gallery-item__overlay\"><\/div>\n\t\t\t\t\t\t\t\t\t\t\t\t\t\t<\/a>\n\t\t\t\t\t\t\t<a class=\"e-gallery-item elementor-gallery-item elementor-animated-content\" href=\"https:\/\/superfilm.at\/wp-content\/uploads\/2022\/08\/60ec161112bfe-iudaselects21261-1.jpg\" data-elementor-open-lightbox=\"yes\" data-elementor-lightbox-slideshow=\"1982ae06\" data-elementor-lightbox-title=\"60ec161112bfe-iudaselects21261\" data-e-action-hash=\"#elementor-action%3Aaction%3Dlightbox%26settings%3DeyJpZCI6NDQ5NiwidXJsIjoiaHR0cHM6XC9cL3N1cGVyZmlsbS5hdFwvd3AtY29udGVudFwvdXBsb2Fkc1wvMjAyMlwvMDhcLzYwZWMxNjExMTJiZmUtaXVkYXNlbGVjdHMyMTI2MS0xLmpwZyIsInNsaWRlc2hvdyI6IjE5ODJhZTA2In0%3D\">\n\t\t\t\t\t<div class=\"e-gallery-image elementor-gallery-item__image\" data-thumbnail=\"https:\/\/superfilm.at\/wp-content\/uploads\/2022\/08\/60ec161112bfe-iudaselects21261-1.jpg\" data-width=\"1920\" data-height=\"1080\" aria-label=\"\" role=\"img\" ><\/div>\n\t\t\t\t\t\t\t\t\t\t\t<div class=\"elementor-gallery-item__overlay\"><\/div>\n\t\t\t\t\t\t\t\t\t\t\t\t\t\t<\/a>\n\t\t\t\t\t<\/div>\n\t\t\t\t\t<\/div>\n\t\t\t\t<\/div>\n\t\t\t\t\t<\/div>\n\t\t<\/div>\n\t\t\t\t\t<\/div>\n\t\t<\/section>\n\t\t\t\t<section class=\"elementor-section elementor-top-section elementor-element elementor-element-61526874 elementor-section-boxed elementor-section-height-default elementor-section-height-default\" data-id=\"61526874\" data-element_type=\"section\" data-e-type=\"section\">\n\t\t\t\t\t\t<div class=\"elementor-container elementor-column-gap-default\">\n\t\t\t\t\t<div class=\"elementor-column elementor-col-100 elementor-top-column elementor-element elementor-element-65c1629\" data-id=\"65c1629\" data-element_type=\"column\" data-e-type=\"column\">\n\t\t\t<div class=\"elementor-widget-wrap elementor-element-populated\">\n\t\t\t\t\t\t<div class=\"elementor-element elementor-element-473b9a98 elementor-widget elementor-widget-shortcode\" data-id=\"473b9a98\" data-element_type=\"widget\" data-e-type=\"widget\" data-widget_type=\"shortcode.default\">\n\t\t\t\t<div class=\"elementor-widget-container\">\n\t\t\t\t\t\t\t<div class=\"elementor-shortcode\"><input type=\"button\" value=\"back\" class=\"alg_back_button_input \" style=\"\" onclick=\"window.history.back()\" \/><\/div>\n\t\t\t\t\t\t<\/div>\n\t\t\t\t<\/div>\n\t\t\t\t\t<\/div>\n\t\t<\/div>\n\t\t\t\t\t<\/div>\n\t\t<\/section>\n\t\t\t\t<\/div>\n\t\t","protected":false},"excerpt":{"rendered":"<p>ME AND THE OTHERS Series, 6 x 40 minutes Six episodes tell the story of a character who struggles with the world and himself and is allowed to reshuffle the cards in each episode. What happens to the &#8220;I&#8221; when the relationship to the environment is constantly changing. https:\/\/www.youtube.com\/watch?v=O0sJfLxX-2g&#038;ab_channel=Sky%C3%96sterreich With Tom Schilling, Katharina Sch\u00fcttler, Lars [&hellip;]<\/p>\n","protected":false},"author":3,"featured_media":4475,"parent":5141,"menu_order":31,"comment_status":"closed","ping_status":"closed","template":"","meta":{"footnotes":""},"categories":[28],"tags":[],"class_list":["post-5353","page","type-page","status-publish","has-post-thumbnail","hentry","category-super-tv"],"_links":{"self":[{"href":"https:\/\/superfilm.at\/en\/wp-json\/wp\/v2\/pages\/5353","targetHints":{"allow":["GET"]}}],"collection":[{"href":"https:\/\/superfilm.at\/en\/wp-json\/wp\/v2\/pages"}],"about":[{"href":"https:\/\/superfilm.at\/en\/wp-json\/wp\/v2\/types\/page"}],"author":[{"embeddable":true,"href":"https:\/\/superfilm.at\/en\/wp-json\/wp\/v2\/users\/3"}],"replies":[{"embeddable":true,"href":"https:\/\/superfilm.at\/en\/wp-json\/wp\/v2\/comments?post=5353"}],"version-history":[{"count":6,"href":"https:\/\/superfilm.at\/en\/wp-json\/wp\/v2\/pages\/5353\/revisions"}],"predecessor-version":[{"id":11560,"href":"https:\/\/superfilm.at\/en\/wp-json\/wp\/v2\/pages\/5353\/revisions\/11560"}],"up":[{"embeddable":true,"href":"https:\/\/superfilm.at\/en\/wp-json\/wp\/v2\/pages\/5141"}],"wp:featuredmedia":[{"embeddable":true,"href":"https:\/\/superfilm.at\/en\/wp-json\/wp\/v2\/media\/4475"}],"wp:attachment":[{"href":"https:\/\/superfilm.at\/en\/wp-json\/wp\/v2\/media?parent=5353"}],"wp:term":[{"taxonomy":"category","embeddable":true,"href":"https:\/\/superfilm.at\/en\/wp-json\/wp\/v2\/categories?post=5353"},{"taxonomy":"post_tag","embeddable":true,"href":"https:\/\/superfilm.at\/en\/wp-json\/wp\/v2\/tags?post=5353"}],"curies":[{"name":"wp","href":"https:\/\/api.w.org\/{rel}","templated":true}]}}